{"id":1908,"date":"2026-04-14T10:23:56","date_gmt":"2026-04-14T08:23:56","guid":{"rendered":"https:\/\/shop.lauracharlie.com\/?page_id=1908"},"modified":"2026-04-15T13:39:36","modified_gmt":"2026-04-15T11:39:36","slug":"encargos","status":"publish","type":"page","link":"https:\/\/shop.lauracharlie.com\/?page_id=1908","title":{"rendered":"encargos"},"content":{"rendered":"\t\t<div data-elementor-type=\"wp-page\" data-elementor-id=\"1908\" class=\"elementor elementor-1908\" data-elementor-post-type=\"page\">\n\t\t\t\t<div class=\"elementor-element elementor-element-ababe47 e-flex e-con-boxed e-con e-parent\" data-id=\"ababe47\" data-element_type=\"container\" data-e-type=\"container\">\n\t\t\t\t\t<div class=\"e-con-inner\">\n\t\t\t\t<div class=\"elementor-element elementor-element-6dd5d4d elementor-widget elementor-widget-heading\" data-id=\"6dd5d4d\" data-element_type=\"widget\" data-e-type=\"widget\" data-widget_type=\"heading.default\">\n\t\t\t\t\t<h2 class=\"elementor-heading-title elementor-size-default\">encargos<\/h2>\t\t\t\t<\/div>\n\t\t\t\t\t<\/div>\n\t\t\t\t<\/div>\n\t\t<div class=\"elementor-element elementor-element-f67ede9 e-flex e-con-boxed e-con e-parent\" data-id=\"f67ede9\" data-element_type=\"container\" data-e-type=\"container\">\n\t\t\t\t\t<div class=\"e-con-inner\">\n\t\t<div class=\"elementor-element elementor-element-7d7fbe4 e-con-full e-flex e-con e-child\" data-id=\"7d7fbe4\" data-element_type=\"container\" data-e-type=\"container\">\n\t\t\t\t<div class=\"elementor-element elementor-element-aa093b7 elementor-widget elementor-widget-text-editor\" data-id=\"aa093b7\" data-element_type=\"widget\" data-e-type=\"widget\" data-widget_type=\"text-editor.default\">\n\t\t\t\t\t\t\t\t\t<p style=\"font-weight: 400;\">Se pueden pedir de encargo sobre dise\u00f1o hechos variaciones de tama\u00f1o y color.<\/p><p style=\"font-weight: 400;\">Precio base<\/p><p style=\"font-weight: 400;\">Tama\u00f1os disponibles:<\/p><p style=\"font-weight: 400;\">70&#215;70 \u00a0\u00a090&#215;90 \u00a0\u00a0140&#215;140<\/p><p style=\"font-weight: 400;\">46&#215;140 \u00a0\u00a067&#215;190<\/p><p style=\"font-weight: 400;\">Los tejidos usados normalmente son voile de algod\u00f3n y seda natural.<\/p><p style=\"font-weight: 400;\">Hay disponibilidad de otros tejidos.<\/p><p style=\"font-weight: 400;\">\u00a0<\/p>\t\t\t\t\t\t\t\t<\/div>\n\t\t\t\t<\/div>\n\t\t<div class=\"elementor-element elementor-element-2d341c8 e-con-full e-flex e-con e-child\" data-id=\"2d341c8\" data-element_type=\"container\" data-e-type=\"container\">\n\t\t\t\t<div class=\"elementor-element elementor-element-2238efe elementor-widget elementor-widget-image\" data-id=\"2238efe\" data-element_type=\"widget\" data-e-type=\"widget\" data-widget_type=\"image.default\">\n\t\t\t\t\t\t\t\t\t\t\t\t\t\t\t<img fetchpriority=\"high\" decoding=\"async\" width=\"300\" height=\"300\" src=\"https:\/\/shop.lauracharlie.com\/wp-content\/uploads\/2026\/04\/tamanos-300x300.jpg\" class=\"attachment-medium size-medium wp-image-1866\" alt=\"\" srcset=\"https:\/\/shop.lauracharlie.com\/wp-content\/uploads\/2026\/04\/tamanos-300x300.jpg 300w, https:\/\/shop.lauracharlie.com\/wp-content\/uploads\/2026\/04\/tamanos-1024x1024.jpg 1024w, https:\/\/shop.lauracharlie.com\/wp-content\/uploads\/2026\/04\/tamanos-150x150.jpg 150w, https:\/\/shop.lauracharlie.com\/wp-content\/uploads\/2026\/04\/tamanos-768x768.jpg 768w, https:\/\/shop.lauracharlie.com\/wp-content\/uploads\/2026\/04\/tamanos-501x501.jpg 501w, https:\/\/shop.lauracharlie.com\/wp-content\/uploads\/2026\/04\/tamanos-100x100.jpg 100w, https:\/\/shop.lauracharlie.com\/wp-content\/uploads\/2026\/04\/tamanos-60x60.jpg 60w, https:\/\/shop.lauracharlie.com\/wp-content\/uploads\/2026\/04\/tamanos-90x90.jpg 90w, https:\/\/shop.lauracharlie.com\/wp-content\/uploads\/2026\/04\/tamanos.jpg 1500w\" sizes=\"(max-width: 300px) 100vw, 300px\" \/>\t\t\t\t\t\t\t\t\t\t\t\t\t\t\t<\/div>\n\t\t\t\t<\/div>\n\t\t\t\t\t<\/div>\n\t\t\t\t<\/div>\n\t\t<div class=\"elementor-element elementor-element-2ea39ae e-flex e-con-boxed e-con e-parent\" data-id=\"2ea39ae\" data-element_type=\"container\" data-e-type=\"container\">\n\t\t\t\t\t<div class=\"e-con-inner\">\n\t\t<div class=\"elementor-element elementor-element-b4759dc e-con-full e-flex e-con e-child\" data-id=\"b4759dc\" data-element_type=\"container\" data-e-type=\"container\">\n\t\t\t\t<div class=\"elementor-element elementor-element-0eb3ca8 elementor-widget elementor-widget-text-editor\" data-id=\"0eb3ca8\" data-element_type=\"widget\" data-e-type=\"widget\" data-widget_type=\"text-editor.default\">\n\t\t\t\t\t\t\t\t\t<p style=\"font-weight: 400;\">Para encargos personalizados, enviarme mail con una breve descripci\u00f3n y os mandar\u00e9 mis propuestas.<\/p><p style=\"font-weight: 400;\">\u00a0<\/p><p style=\"font-weight: 400;\">Adem\u00e1s de los tama\u00f1os base, se puede pedir dise\u00f1o seg\u00fan patr\u00f3n.<\/p><p style=\"font-weight: 400;\">Precio seg\u00fan presupuesto<\/p>\t\t\t\t\t\t\t\t<\/div>\n\t\t\t\t<\/div>\n\t\t<div class=\"elementor-element elementor-element-5f632e2 e-con-full e-flex e-con e-child\" data-id=\"5f632e2\" data-element_type=\"container\" data-e-type=\"container\">\n\t\t\t\t<div class=\"elementor-element elementor-element-3c3575e e-transform elementor-widget elementor-widget-image\" data-id=\"3c3575e\" data-element_type=\"widget\" data-e-type=\"widget\" data-settings=\"{&quot;_transform_scale_effect&quot;:{&quot;unit&quot;:&quot;px&quot;,&quot;size&quot;:1,&quot;sizes&quot;:[]},&quot;_transform_scale_effect_tablet&quot;:{&quot;unit&quot;:&quot;px&quot;,&quot;size&quot;:&quot;&quot;,&quot;sizes&quot;:[]},&quot;_transform_scale_effect_mobile&quot;:{&quot;unit&quot;:&quot;px&quot;,&quot;size&quot;:&quot;&quot;,&quot;sizes&quot;:[]}}\" data-widget_type=\"image.default\">\n\t\t\t\t\t\t\t\t\t\t\t\t\t\t\t<img decoding=\"async\" width=\"300\" height=\"225\" src=\"https:\/\/shop.lauracharlie.com\/wp-content\/uploads\/2026\/04\/pat3-300x225.jpeg\" class=\"attachment-medium size-medium wp-image-1993\" alt=\"\" srcset=\"https:\/\/shop.lauracharlie.com\/wp-content\/uploads\/2026\/04\/pat3-300x225.jpeg 300w, https:\/\/shop.lauracharlie.com\/wp-content\/uploads\/2026\/04\/pat3-80x60.jpeg 80w, https:\/\/shop.lauracharlie.com\/wp-content\/uploads\/2026\/04\/pat3-120x90.jpeg 120w, https:\/\/shop.lauracharlie.com\/wp-content\/uploads\/2026\/04\/pat3.jpeg 492w\" sizes=\"(max-width: 300px) 100vw, 300px\" \/>\t\t\t\t\t\t\t\t\t\t\t\t\t\t\t<\/div>\n\t\t\t\t<\/div>\n\t\t\t\t\t<\/div>\n\t\t\t\t<\/div>\n\t\t\t\t<\/div>\n\t\t","protected":false},"excerpt":{"rendered":"<p>encargos Se pueden pedir de encargo sobre dise\u00f1o hechos variaciones de tama\u00f1o y color. Precio base Tama\u00f1os disponibles: 70&#215;70 \u00a0\u00a090&#215;90 \u00a0\u00a0140&#215;140 46&#215;140 \u00a0\u00a067&#215;190 Los tejidos usados normalmente son voile de algod\u00f3n y seda natural. Hay disponibilidad de otros tejidos. \u00a0 Para encargos personalizados, enviarme mail con una breve descripci\u00f3n y os mandar\u00e9 mis propuestas. \u00a0 [&hellip;]<\/p>\n","protected":false},"author":1,"featured_media":0,"parent":0,"menu_order":0,"comment_status":"closed","ping_status":"closed","template":"","meta":{"footnotes":""},"class_list":["post-1908","page","type-page","status-publish","hentry"],"jetpack_sharing_enabled":true,"_links":{"self":[{"href":"https:\/\/shop.lauracharlie.com\/index.php?rest_route=\/wp\/v2\/pages\/1908","targetHints":{"allow":["GET"]}}],"collection":[{"href":"https:\/\/shop.lauracharlie.com\/index.php?rest_route=\/wp\/v2\/pages"}],"about":[{"href":"https:\/\/shop.lauracharlie.com\/index.php?rest_route=\/wp\/v2\/types\/page"}],"author":[{"embeddable":true,"href":"https:\/\/shop.lauracharlie.com\/index.php?rest_route=\/wp\/v2\/users\/1"}],"replies":[{"embeddable":true,"href":"https:\/\/shop.lauracharlie.com\/index.php?rest_route=%2Fwp%2Fv2%2Fcomments&post=1908"}],"version-history":[{"count":7,"href":"https:\/\/shop.lauracharlie.com\/index.php?rest_route=\/wp\/v2\/pages\/1908\/revisions"}],"predecessor-version":[{"id":1999,"href":"https:\/\/shop.lauracharlie.com\/index.php?rest_route=\/wp\/v2\/pages\/1908\/revisions\/1999"}],"wp:attachment":[{"href":"https:\/\/shop.lauracharlie.com\/index.php?rest_route=%2Fwp%2Fv2%2Fmedia&parent=1908"}],"curies":[{"name":"wp","href":"https:\/\/api.w.org\/{rel}","templated":true}]}}