{"id":2059,"date":"2026-04-16T12:28:14","date_gmt":"2026-04-16T10:28:14","guid":{"rendered":"https:\/\/shop.lauracharlie.com\/?page_id=2059"},"modified":"2026-04-16T12:31:05","modified_gmt":"2026-04-16T10:31:05","slug":"acerca","status":"publish","type":"page","link":"https:\/\/shop.lauracharlie.com\/?page_id=2059","title":{"rendered":"acerca"},"content":{"rendered":"\t\t<div data-elementor-type=\"wp-page\" data-elementor-id=\"2059\" class=\"elementor elementor-2059\" data-elementor-post-type=\"page\">\n\t\t\t\t<div class=\"elementor-element elementor-element-8702f34 e-flex e-con-boxed e-con e-parent\" data-id=\"8702f34\" data-element_type=\"container\" data-e-type=\"container\">\n\t\t\t\t\t<div class=\"e-con-inner\">\n\t\t\t\t<div class=\"elementor-element elementor-element-1eb2d9e elementor-widget elementor-widget-heading\" data-id=\"1eb2d9e\" data-element_type=\"widget\" data-e-type=\"widget\" data-widget_type=\"heading.default\">\n\t\t\t\t\t<h2 class=\"elementor-heading-title elementor-size-default\">acerca<\/h2>\t\t\t\t<\/div>\n\t\t\t\t<div class=\"elementor-element elementor-element-90b3e28 elementor-widget elementor-widget-text-editor\" data-id=\"90b3e28\" data-element_type=\"widget\" data-e-type=\"widget\" data-widget_type=\"text-editor.default\">\n\t\t\t\t\t\t\t\t\t<p style=\"font-weight: 400;\">Puedes usar esto:<\/p><p style=\"font-weight: 400;\">lauracharlie es un proyecto que conecta pr\u00e1ctica art\u00edstica y producci\u00f3n de objetos.<br \/><br \/>Trabajo en direcci\u00f3n de arte, ilustraci\u00f3n y dise\u00f1o gr\u00e1fico.<br \/><br \/>Este espacio surge como una extensi\u00f3n de ese trabajo:<br \/>llevar im\u00e1genes y procesos a objetos textiles.<br \/><br \/>La producci\u00f3n es peque\u00f1a, a veces irregular.<br \/>No responde a l\u00f3gicas de serie ni de stock.<br \/><br \/>Cada pieza forma parte de un proceso m\u00e1s amplio,<br \/>entre imagen, materia y uso.<\/p>\t\t\t\t\t\t\t\t<\/div>\n\t\t\t\t\t<\/div>\n\t\t\t\t<\/div>\n\t\t\t\t<\/div>\n\t\t","protected":false},"excerpt":{"rendered":"<p>acerca Puedes usar esto: lauracharlie es un proyecto que conecta pr\u00e1ctica art\u00edstica y producci\u00f3n de objetos. Trabajo en direcci\u00f3n de arte, ilustraci\u00f3n y dise\u00f1o gr\u00e1fico. Este espacio surge como una extensi\u00f3n de ese trabajo:llevar im\u00e1genes y procesos a objetos textiles. La producci\u00f3n es peque\u00f1a, a veces irregular.No responde a l\u00f3gicas de serie ni de stock. [&hellip;]<\/p>\n","protected":false},"author":1,"featured_media":0,"parent":0,"menu_order":0,"comment_status":"closed","ping_status":"closed","template":"","meta":{"footnotes":""},"class_list":["post-2059","page","type-page","status-publish","hentry"],"jetpack_sharing_enabled":true,"_links":{"self":[{"href":"https:\/\/shop.lauracharlie.com\/index.php?rest_route=\/wp\/v2\/pages\/2059","targetHints":{"allow":["GET"]}}],"collection":[{"href":"https:\/\/shop.lauracharlie.com\/index.php?rest_route=\/wp\/v2\/pages"}],"about":[{"href":"https:\/\/shop.lauracharlie.com\/index.php?rest_route=\/wp\/v2\/types\/page"}],"author":[{"embeddable":true,"href":"https:\/\/shop.lauracharlie.com\/index.php?rest_route=\/wp\/v2\/users\/1"}],"replies":[{"embeddable":true,"href":"https:\/\/shop.lauracharlie.com\/index.php?rest_route=%2Fwp%2Fv2%2Fcomments&post=2059"}],"version-history":[{"count":4,"href":"https:\/\/shop.lauracharlie.com\/index.php?rest_route=\/wp\/v2\/pages\/2059\/revisions"}],"predecessor-version":[{"id":2063,"href":"https:\/\/shop.lauracharlie.com\/index.php?rest_route=\/wp\/v2\/pages\/2059\/revisions\/2063"}],"wp:attachment":[{"href":"https:\/\/shop.lauracharlie.com\/index.php?rest_route=%2Fwp%2Fv2%2Fmedia&parent=2059"}],"curies":[{"name":"wp","href":"https:\/\/api.w.org\/{rel}","templated":true}]}}